{"id":546,"date":"2020-12-14T16:07:28","date_gmt":"2020-12-14T16:07:28","guid":{"rendered":"http:\/\/appcta.portdebarcelona.cat\/politica-de-privacidad\/"},"modified":"2020-12-15T12:34:23","modified_gmt":"2020-12-15T12:34:23","slug":"privacy-policy","status":"publish","type":"page","link":"https:\/\/appcta.portdebarcelona.cat\/en\/privacy-policy\/","title":{"rendered":"Privacy Policy"},"content":{"rendered":"<p>En compliment del Reglament (UE) 2016\/679 del Parlament Europeu, referent a la protecci\u00f3 del tractament de dades personals, us informem que les vostres dades seran incorporades al sistema de tractament de titularitat de l\u2019Autoritat Portu\u00e0ria de Barcelona (APB), amb la finalitat d\u2019enviar-vos comunicacions relatives a l\u2019operativa portu\u00e0ria, cursos, jornades, missions empresarials i fires comercials.<\/p>\n<p>El responsable del tractament d\u2019aquestes dades \u00e9s l\u2019APB, amb domicili a moll de Barcelona \u2013 World Trade Center \u2013 Edifici Est \u2013 08039 Barcelona; tel\u00e8fon 932 986 000, i l\u2019adre\u00e7a de correu electr\u00f2nic\u00a0<a href=\"mailto:sau@portdebarcelona.cat\" target=\"_blank\" rel=\"noopener noreferrer\">sau@portdebarcelona.cat<\/a>.<\/p>\n<p>Us recordem que es podeu exercir davant l\u2019APB els drets d\u2019acc\u00e9s, rectificaci\u00f3, supressi\u00f3, limitaci\u00f3 del tractament, portabilitat de les dades, oposici\u00f3 i a no ser objecte de decisions individuals automatitzades, incloent l\u2019elaboraci\u00f3 de perfils, tot enviant una sol\u00b7licitud a les adreces postal o electr\u00f2nica abans esmentades.<\/p>\n<p>Les dades seran conservades durant els terminis necessaris amb la finalitat per la qual s\u2019han obtingut i per determinar les possibles responsabilitats que es poguessin derivar de dita finalitat i del tractament de les mateixes.<\/p>\n<p>Amb l\u2019enviament d\u2019aquest formulari l\u2019APB queda autoritzada de forma expressa perqu\u00e8 les dades que cont\u00e9, s\u2019emmagatzemin en un fitxer automatitzat per tal de gestionar la seva tramitaci\u00f3. Els destinataris de les dades s\u00f3n l\u00b4entitat o entitats implicades que poguessin ser competents per a la seva tramitaci\u00f3 i\/o resoluci\u00f3, limitant tal cessi\u00f3 a la finalitat que la justifica.<\/p>\n<p>En tot cas teniu dret a presentar una reclamaci\u00f3 davant la corresponent autoritat de control si ho estimeu oport\u00fa.<\/p>\n<p>Per tal de deixar de rebre aquestes notificacions, us podeu adre\u00e7ar a\u00a0<a href=\"mailto:sac@portdebarcelona.cat\" target=\"_blank\" rel=\"noopener noreferrer\">sac@portdebarcelona.cat<\/a>.<\/p>\n","protected":false},"excerpt":{"rendered":"<p>En compliment del Reglament (UE) 2016\/679 del Parlament Europeu, referent a la protecci\u00f3 del tractament de dades personals, us informem&#8230;<\/p>\n","protected":false},"author":1,"featured_media":0,"parent":0,"menu_order":0,"comment_status":"closed","ping_status":"closed","template":"","meta":{"_acf_changed":false,"footnotes":""},"class_list":["post-546","page","type-page","status-publish","hentry"],"acf":[],"_links":{"self":[{"href":"https:\/\/appcta.portdebarcelona.cat\/en\/wp-json\/wp\/v2\/pages\/546","targetHints":{"allow":["GET"]}}],"collection":[{"href":"https:\/\/appcta.portdebarcelona.cat\/en\/wp-json\/wp\/v2\/pages"}],"about":[{"href":"https:\/\/appcta.portdebarcelona.cat\/en\/wp-json\/wp\/v2\/types\/page"}],"author":[{"embeddable":true,"href":"https:\/\/appcta.portdebarcelona.cat\/en\/wp-json\/wp\/v2\/users\/1"}],"replies":[{"embeddable":true,"href":"https:\/\/appcta.portdebarcelona.cat\/en\/wp-json\/wp\/v2\/comments?post=546"}],"version-history":[{"count":4,"href":"https:\/\/appcta.portdebarcelona.cat\/en\/wp-json\/wp\/v2\/pages\/546\/revisions"}],"predecessor-version":[{"id":651,"href":"https:\/\/appcta.portdebarcelona.cat\/en\/wp-json\/wp\/v2\/pages\/546\/revisions\/651"}],"wp:attachment":[{"href":"https:\/\/appcta.portdebarcelona.cat\/en\/wp-json\/wp\/v2\/media?parent=546"}],"curies":[{"name":"wp","href":"https:\/\/api.w.org\/{rel}","templated":true}]}}