{"id":428,"date":"2020-11-20T17:30:55","date_gmt":"2020-11-20T17:30:55","guid":{"rendered":"http:\/\/appcta.portdebarcelona.cat\/avis-legal\/"},"modified":"2020-12-22T15:56:47","modified_gmt":"2020-12-22T15:56:47","slug":"aviso-legal","status":"publish","type":"page","link":"https:\/\/appcta.portdebarcelona.cat\/es\/aviso-legal\/","title":{"rendered":"Aviso legal"},"content":{"rendered":"<p>1 &#8211; Los textos, las im\u00e1genes y el resto de contenidos incluidos en esta p\u00e1gina web son propiedad de la Autoridad Portuaria de Barcelona (APB). Cualquier copia, descarga, transmisi\u00f3n, distribuci\u00f3n, reproducci\u00f3n o almacenamiento, total o parcial, debe realizarse con su previo y expreso consentimiento por escrito, salvo cuando se indique lo contrario.<\/p>\n<p>2 &#8211; La p\u00e1gina web de la APB contiene enlaces a p\u00e1ginas externas y a direcciones de correo electr\u00f3nico, sobre las cuales no tiene ninguna responsabilidad, ni en lo referente a su fiabilidad ni en cuanto a sus contenidos.<\/p>\n<p>3 &#8211; La APB no se responsabiliza de la eventual existencia de virus u otros elementos nocivos, introducidos en sus sistemas inform\u00e1ticos, que puedan afectar al equipo inform\u00e1tico del usuario, ni por las consecuencias perjudiciales que las mismas puedan producir.<\/p>\n<p>4 &#8211; La APB mantiene su p\u00e1gina web lo m\u00e1s actualizada posible, a partir de aportaciones propias y externas. Por ello y por el gran volumen de informaci\u00f3n que contiene, pueden producirse errores, inexactitudes, erratas y faltas puntuales de actualidad. En este sentido, aunque dichas incidencias no son siempre responsabilidad de la APB, \u00e9sta agradece las comunicaciones de los usuarios con el objetivo de resolverlas.<\/p>\n<p>5 &#8211; Los sistemas inform\u00e1ticos utilizados por la APB para la prestaci\u00f3n de estos servicios pueden utilizar cookies t\u00e9cnicas o incluso de personalizaci\u00f3n, por ejemplo para el acceso a zonas restringidas de la web. En ning\u00fan momento la APB tiene intenci\u00f3n de obtener un beneficio comercial con este funcionamiento, si bien de acuerdo a la normativa vigente informa a los usuarios y entiende que \u00e9stos lo aceptan expl\u00edcitamente al visitar la web de la APB.<\/p>\n","protected":false},"excerpt":{"rendered":"<p>1 &#8211; Los textos, las im\u00e1genes y el resto de contenidos incluidos en esta p\u00e1gina web son propiedad de la&#8230;<\/p>\n","protected":false},"author":1,"featured_media":0,"parent":0,"menu_order":0,"comment_status":"closed","ping_status":"closed","template":"","meta":{"_acf_changed":false,"footnotes":""},"class_list":["post-428","page","type-page","status-publish","hentry"],"acf":[],"_links":{"self":[{"href":"https:\/\/appcta.portdebarcelona.cat\/es\/wp-json\/wp\/v2\/pages\/428","targetHints":{"allow":["GET"]}}],"collection":[{"href":"https:\/\/appcta.portdebarcelona.cat\/es\/wp-json\/wp\/v2\/pages"}],"about":[{"href":"https:\/\/appcta.portdebarcelona.cat\/es\/wp-json\/wp\/v2\/types\/page"}],"author":[{"embeddable":true,"href":"https:\/\/appcta.portdebarcelona.cat\/es\/wp-json\/wp\/v2\/users\/1"}],"replies":[{"embeddable":true,"href":"https:\/\/appcta.portdebarcelona.cat\/es\/wp-json\/wp\/v2\/comments?post=428"}],"version-history":[{"count":5,"href":"https:\/\/appcta.portdebarcelona.cat\/es\/wp-json\/wp\/v2\/pages\/428\/revisions"}],"predecessor-version":[{"id":867,"href":"https:\/\/appcta.portdebarcelona.cat\/es\/wp-json\/wp\/v2\/pages\/428\/revisions\/867"}],"wp:attachment":[{"href":"https:\/\/appcta.portdebarcelona.cat\/es\/wp-json\/wp\/v2\/media?parent=428"}],"curies":[{"name":"wp","href":"https:\/\/api.w.org\/{rel}","templated":true}]}}