{"id":670,"date":"2020-11-20T17:30:55","date_gmt":"2020-11-20T17:30:55","guid":{"rendered":"http:\/\/appcta.portdebarcelona.cat\/avis-legal\/"},"modified":"2020-12-22T15:33:14","modified_gmt":"2020-12-22T15:33:14","slug":"mentions-legales","status":"publish","type":"page","link":"https:\/\/appcta.portdebarcelona.cat\/fr\/mentions-legales\/","title":{"rendered":"Mentions l\u00e9gales"},"content":{"rendered":"<p>1 &#8211; Les textes, images et autres contenus inclus sur ce site sont la propri\u00e9t\u00e9 de l&rsquo;Autorit\u00e9 portuaire de Barcelone (APB). Toute copie, t\u00e9l\u00e9chargement, transmission, distribution, reproduction ou stockage, en tout ou en partie, doit \u00eatre effectu\u00e9 avec son consentement \u00e9crit pr\u00e9alable et expr\u00e8s, sauf indication contraire.<\/p>\n<p>2 &#8211; Le site APB contient des liens vers des pages externes et des adresses e-mail, sur lesquels l\u2019APB n&rsquo;a aucune responsabilit\u00e9, ni en termes de fiabilit\u00e9 ni en termes de contenu.<\/p>\n<p>3 &#8211; L&rsquo;APB n&rsquo;est pas responsable de l&rsquo;existence \u00e9ventuelle de virus ou autres \u00e9l\u00e9ments nuisibles, introduits dans ses syst\u00e8mes informatiques, susceptibles d&rsquo;affecter le mat\u00e9riel informatique de l&rsquo;utilisateur, ni des cons\u00e9quences n\u00e9fastes qui pourraient en d\u00e9couler.<\/p>\n<p>4 &#8211; L&rsquo;APB tient son site Internet le plus \u00e0 jour possible, sur la base de ses contributions propres et externes. En cons\u00e9quence, en raison de la grande quantit\u00e9 d&rsquo;informations qu&rsquo;il contient, des erreurs, des inexactitudes, des erreurs et des lacunes occasionnelles peuvent survenir. En ce sens, bien que ces incidents ne soient pas toujours de la responsabilit\u00e9 de l&rsquo;APB, elle appr\u00e9cie les reports des utilisateurs afin de les r\u00e9soudre.<\/p>\n<p>5 &#8211; Les syst\u00e8mes informatiques utilis\u00e9s par l&rsquo;APB pour la fourniture de ces services peuvent utiliser des cookies techniques voire de personnalisation, par exemple pour l&rsquo;acc\u00e8s \u00e0 des zones d\u2019acc\u00e8s priv\u00e9 du site. A aucun moment, l&rsquo;APB n&rsquo;a l&rsquo;intention d\u2019en tirer un quelconque avantage commercial, mais conform\u00e9ment \u00e0 la r\u00e9glementation en vigueur, elle en informe les utilisateurs et comprend qu&rsquo;ils l&rsquo;acceptent explicitement en visitant le site internet de l&rsquo;APB.<\/p>\n","protected":false},"excerpt":{"rendered":"<p>1 &#8211; Les textes, images et autres contenus inclus sur ce site sont la propri\u00e9t\u00e9 de l&rsquo;Autorit\u00e9 portuaire de Barcelone&#8230;<\/p>\n","protected":false},"author":1,"featured_media":0,"parent":0,"menu_order":0,"comment_status":"closed","ping_status":"closed","template":"","meta":{"_acf_changed":false,"footnotes":""},"class_list":["post-670","page","type-page","status-publish","hentry"],"acf":[],"_links":{"self":[{"href":"https:\/\/appcta.portdebarcelona.cat\/fr\/wp-json\/wp\/v2\/pages\/670","targetHints":{"allow":["GET"]}}],"collection":[{"href":"https:\/\/appcta.portdebarcelona.cat\/fr\/wp-json\/wp\/v2\/pages"}],"about":[{"href":"https:\/\/appcta.portdebarcelona.cat\/fr\/wp-json\/wp\/v2\/types\/page"}],"author":[{"embeddable":true,"href":"https:\/\/appcta.portdebarcelona.cat\/fr\/wp-json\/wp\/v2\/users\/1"}],"replies":[{"embeddable":true,"href":"https:\/\/appcta.portdebarcelona.cat\/fr\/wp-json\/wp\/v2\/comments?post=670"}],"version-history":[{"count":3,"href":"https:\/\/appcta.portdebarcelona.cat\/fr\/wp-json\/wp\/v2\/pages\/670\/revisions"}],"predecessor-version":[{"id":852,"href":"https:\/\/appcta.portdebarcelona.cat\/fr\/wp-json\/wp\/v2\/pages\/670\/revisions\/852"}],"wp:attachment":[{"href":"https:\/\/appcta.portdebarcelona.cat\/fr\/wp-json\/wp\/v2\/media?parent=670"}],"curies":[{"name":"wp","href":"https:\/\/api.w.org\/{rel}","templated":true}]}}