{"id":671,"date":"2020-12-14T16:07:28","date_gmt":"2020-12-14T16:07:28","guid":{"rendered":"http:\/\/appcta.portdebarcelona.cat\/politica-de-privacitat\/"},"modified":"2020-12-22T15:55:56","modified_gmt":"2020-12-22T15:55:56","slug":"politique-de-confidentialite","status":"publish","type":"page","link":"https:\/\/appcta.portdebarcelona.cat\/fr\/politique-de-confidentialite\/","title":{"rendered":"Politique de confidentialit\u00e9"},"content":{"rendered":"<p>Conform\u00e9ment au r\u00e8glement (UE) 2016\/679 du Parlement europ\u00e9en, concernant la protection du traitement des donn\u00e9es personnelles, nous vous informons que vos donn\u00e9es seront int\u00e9gr\u00e9es dans le syst\u00e8me de traitement appartenant \u00e0 l&rsquo;Autorit\u00e9 portuaire de Barcelone (APB), dans le but de vous envoyer des communications relatives aux op\u00e9rations portuaires, aux formations, aux s\u00e9minaires, aux missions commerciales et aux salons.<\/p>\n<p>Le responsable du traitement de ces donn\u00e9es est l&rsquo;APB, domicili\u00e9 \u00e0 Barcelone &#8211; World Trade Center &#8211; B\u00e2timent Est &#8211; 08039 Barcelone; t\u00e9l\u00e9phone 932 986 000, et l&rsquo;adresse e-mail sau@portdebarcelona.cat.<\/p>\n<p>Nous vous rappelons que vous pouvez exercer aupr\u00e8s de l&rsquo;APB les droits d&rsquo;acc\u00e8s, de rectification, de suppression, de limitation de traitement, de portabilit\u00e9 des donn\u00e9es, d&rsquo;opposition et celui de ne pas faire l&rsquo;objet de d\u00e9cisions individuelles automatis\u00e9es, notamment de profilage, en en faisant la demande aux adresses postale ou \u00e9lectronique mentionn\u00e9es ci-dessus.<\/p>\n<p>Les donn\u00e9es seront conserv\u00e9es pendant les p\u00e9riodes n\u00e9cessaires aux fins pour lesquelles elles ont \u00e9t\u00e9 obtenues et pour d\u00e9terminer les responsabilit\u00e9s \u00e9ventuelles pouvant d\u00e9couler de cette finalit\u00e9 et de leur traitement.<\/p>\n<p>En envoyant ce formulaire, l&rsquo;APB est express\u00e9ment autoris\u00e9e \u00e0 stocker les donn\u00e9es qu&rsquo;il contient dans un fichier automatis\u00e9 afin d&rsquo;en g\u00e9rer le traitement. Les destinataires des donn\u00e9es sont la ou les entit\u00e9s impliqu\u00e9es qui peuvent \u00eatre comp\u00e9tentes pour leur traitement et \/ ou r\u00e9solution, limitant ce transfert \u00e0 la finalit\u00e9 qui le justifie.<\/p>\n<p>Dans tous les cas, vous avez le droit de d\u00e9poser une r\u00e9clamation aupr\u00e8s de l&rsquo;autorit\u00e9 de contr\u00f4le correspondante si vous le jugez appropri\u00e9.<\/p>\n<p>Pour ne plus recevoir ces notifications, vous pouvez contacter\u00a0<a href=\"mailto:sac@portdebarcelona.cat\" target=\"_blank\" rel=\"noopener noreferrer\">sac@portdebarcelona.cat<\/a>.<\/p>\n","protected":false},"excerpt":{"rendered":"<p>Conform\u00e9ment au r\u00e8glement (UE) 2016\/679 du Parlement europ\u00e9en, concernant la protection du traitement des donn\u00e9es personnelles, nous vous informons que&#8230;<\/p>\n","protected":false},"author":1,"featured_media":0,"parent":0,"menu_order":0,"comment_status":"closed","ping_status":"closed","template":"","meta":{"_acf_changed":false,"footnotes":""},"class_list":["post-671","page","type-page","status-publish","hentry"],"acf":[],"_links":{"self":[{"href":"https:\/\/appcta.portdebarcelona.cat\/fr\/wp-json\/wp\/v2\/pages\/671","targetHints":{"allow":["GET"]}}],"collection":[{"href":"https:\/\/appcta.portdebarcelona.cat\/fr\/wp-json\/wp\/v2\/pages"}],"about":[{"href":"https:\/\/appcta.portdebarcelona.cat\/fr\/wp-json\/wp\/v2\/types\/page"}],"author":[{"embeddable":true,"href":"https:\/\/appcta.portdebarcelona.cat\/fr\/wp-json\/wp\/v2\/users\/1"}],"replies":[{"embeddable":true,"href":"https:\/\/appcta.portdebarcelona.cat\/fr\/wp-json\/wp\/v2\/comments?post=671"}],"version-history":[{"count":5,"href":"https:\/\/appcta.portdebarcelona.cat\/fr\/wp-json\/wp\/v2\/pages\/671\/revisions"}],"predecessor-version":[{"id":864,"href":"https:\/\/appcta.portdebarcelona.cat\/fr\/wp-json\/wp\/v2\/pages\/671\/revisions\/864"}],"wp:attachment":[{"href":"https:\/\/appcta.portdebarcelona.cat\/fr\/wp-json\/wp\/v2\/media?parent=671"}],"curies":[{"name":"wp","href":"https:\/\/api.w.org\/{rel}","templated":true}]}}