{"id":868,"date":"2020-12-22T16:00:01","date_gmt":"2020-12-22T16:00:01","guid":{"rendered":"http:\/\/appcta.portdebarcelona.cat\/?page_id=868"},"modified":"2020-12-22T16:00:01","modified_gmt":"2020-12-22T16:00:01","slug":"politique-dutilisation-des-cookies","status":"publish","type":"page","link":"https:\/\/appcta.portdebarcelona.cat\/fr\/politique-dutilisation-des-cookies\/","title":{"rendered":"Politique d&rsquo;utilisation des cookies"},"content":{"rendered":"<p>Notre site Internet utilise nos propres cookies et ceux de tiers. Les cookies sont utilis\u00e9s pour analyser le site Internet et adapter les \u00e9l\u00e9ments qui y sont pr\u00e9sent\u00e9s et la fonctionnalit\u00e9 des sections.<\/p>\n<p>Nous allons ici vous expliquer que sont les cookies. Vous trouverez ici des informations sur ceux que nous utilisons et nous vous expliquons comment configurer votre navigateur pour les d\u00e9sactiver ou les maintenir actifs.<\/p>\n<p>Pour toute question concernant les cookies pr\u00e9sents sur le site Internet contactez-nous par courriel \u00e0 l&rsquo;adresse suivante\u00a0: <a href=\"mailto:sac@portdebarcelona.cat\">sac@portdebarcelona.cat<\/a><\/p>\n<p>Veuillez lire attentivement les informations ci-dessous avant d&rsquo;accepter les cookies de notre site Internet. Vous pourrez ensuite accepter les cookies ou configurer votre navigateur pour les d\u00e9sactiver ou les refuser. Vous pouvez aussi installer dans votre navigateur des modules compl\u00e9mentaires permettant de d\u00e9sactiver les cookies. Nous vous expliquons comment proc\u00e9der.<\/p>\n<p><strong>Qu&rsquo;est-ce qu&rsquo;un cookie ?<\/strong><\/p>\n<p>Les cookies sont de petits fichiers stock\u00e9s sur les dispositifs employ\u00e9s par les utilisateurs pour naviguer sur Internet, tels que les smartphones, tablettes et ordinateurs. Ces fichiers r\u00e9cup\u00e8rent des informations et les transmettent au responsable de leur installation.<\/p>\n<p>Les fichiers d&rsquo;information pr\u00e9sents sur notre site Internet nous permettent de diff\u00e9rencier et de comparer les utilisateurs en rep\u00e9rant leur mode de navigation et autres \u00e9l\u00e9ments technologiques pr\u00e9sents sur leur navigateur (si celui prend en charge JavaScript).<\/p>\n<p>Vous pouvez d\u00e9sactiver les cookies utilis\u00e9s par notre site Internet. Nous vous expliquons comment configurer votre navigateur pour y parvenir. Veuillez noter que vous pouvez effacer les cookies, les bloquer ou les d\u00e9tecter avant leur installation.<\/p>\n<p>Pour continuer sans modifier la configuration de votre navigateur relative aux cookies, il vous suffit de poursuivre votre navigation sur notre site Internet apr\u00e8s avoir cliqu\u00e9 sur le bouton \u00ab\u00a0Accepter\u00a0\u00bb.<\/p>\n<p>Vous pouvez obtenir plus d&rsquo;informations sur le site suivant\u00a0: <a href=\"http:\/\/www.allaboutcookies.org\/fr\/\">http:\/\/www.allaboutcookies.org\/fr\/<\/a>. Pour plus de d\u00e9tails concernant les cookies publicitaires et leur gestion, consultez les sites suivants\u00a0: <a href=\"http:\/\/www.youronlinechoices.com\/fr\/\">http:\/\/www.youronlinechoices.com\/fr\/<\/a> (pour l&rsquo;UE) ou <a href=\"http:\/\/aboutads.info\/\">http:\/\/aboutads.info<\/a> (pour les \u00c9tats-Unis).<\/p>\n<p><strong>Quels cookies utilisons-nous ?<\/strong><\/p>\n<p>Nous utilisons des cookies analytiques qui, gr\u00e2ce aux informations du serveur d&rsquo;h\u00e9bergement, nous permettent d&rsquo;obtenir des donn\u00e9es sur le nombre de visites de notre site Internet et les sections les plus consult\u00e9es. Si vous visitez notre site Internet, les cookies enregistrent la session en cours et les r\u00e9f\u00e9rences.<\/p>\n<p>Nos cookies sont analytiques, car ils nous permettent d&rsquo;effectuer le suivi et l&rsquo;analyse du comportement des utilisateurs des sites Internet auxquels ils sont li\u00e9s, et emploient ces informations pour mesurer l&rsquo;activit\u00e9 sur ces sites et cr\u00e9er les profils de navigation des utilisateurs. Certains cookies sont n\u00e9cessaires. Sans eux, notre site Internet, quelques sections ou \u00e9l\u00e9ments ne peuvent pas s&rsquo;afficher int\u00e9gralement\u00a0; d&rsquo;autres sont fonctionnels.<\/p>\n<p><strong>Cookies strictement n\u00e9cessaires :<\/strong><\/p>\n<p>Ces cookies sont n\u00e9cessaires \u00e0 la bonne utilisation du site Internet et permettent d&rsquo;acc\u00e9der aux diff\u00e9rentes sections. Sans ces cookies, vous ne pourrez pas utiliser la plupart des fonctionnalit\u00e9s du site.<\/p>\n<p>Notre cookie\u00a0<em>has_j<\/em>s est cr\u00e9\u00e9 par le site Internet et il est n\u00e9cessaire pour d\u00e9tecter si le navigateur de l&rsquo;utilisateur prend en charge JavaScript. Il ne collecte pas de donn\u00e9es personnelles.<\/p>\n<p><strong>Cookies de navigation :<\/strong><\/p>\n<p>Ces cookies collectent des informations sur votre utilisation de notre site, par exemple les pages consult\u00e9es, les erreurs de chargement, etc. Ces informations sont anonymes et g\u00e9n\u00e9riques, elles ne comprennent pas de donn\u00e9es personnelles ni d&rsquo;informations permettant de vous identifier\u00a0; leur unique objectif est d&rsquo;am\u00e9liorer le fonctionnement du site.<\/p>\n<p>Nos cookies de navigation appartiennent \u00e0 un tiers, Google\u00a0Analytics. Vous pouvez obtenir plus d&rsquo;informations <a href=\"https:\/\/developers.google.com\/analytics\/devguides\/collection\/analyticsjs\/cookie-usage\"><strong>ici<\/strong><\/a>.<\/p>\n<p><strong>Cookies fonctionnels :<\/strong><\/p>\n<p>Ces cookies permettent de m\u00e9moriser certaines informations telles que votre identifiant, la langue d&rsquo;affichage du site ou le pays dans lequel vous vous trouvez, ainsi que d&rsquo;autres caract\u00e9ristiques plus personnelles. Ils conf\u00e8rent notamment la possibilit\u00e9 d&rsquo;offrir un contenu personnalis\u00e9 fond\u00e9 sur les informations et les crit\u00e8res que vous avez volontairement fournis. Ces cookies peuvent \u00e9galement \u00eatre utilis\u00e9s pour m\u00e9moriser les changements de taille du texte, de polices de caract\u00e8re ou d&rsquo;autres fonctions personnalisables du site. Les informations collect\u00e9es par ces cookies peuvent \u00eatre anonymes, et votre activit\u00e9 sur d&rsquo;autres sites Internet ne peut pas \u00eatre suivie.<\/p>\n<p>Le cookie\u00a0<em>cookie-agreed<\/em> nous permet de recueillir votre consentement concernant l&rsquo;utilisation des cookies.<\/p>\n<p><strong>Comment configurer\/g\u00e9rer les cookies sur votre ordinateur ?<\/strong><\/p>\n<p>Si vous d\u00e9sirez g\u00e9rer l&rsquo;utilisation des cookies de notre site Internet, veuillez suivre les instructions ci-dessous. Chaque navigateur poss\u00e8de sa propre configuration en mati\u00e8re de gestion des cookies. Il est donc recommand\u00e9 de suivre les indications de votre navigateur.<\/p>\n<p>Nous vous proposons quelques m\u00e9thodes alternatives qui peuvent se r\u00e9v\u00e9ler utiles dans la gestion de vos cookies. Il est possible que le site ne fonctionne pas correctement si vous bloquez les cookies. Dans ce cas, un message peut appara\u00eetre dans le navigateur vous demandant de les activer pour permettre le bon fonctionnement du site.<\/p>\n<p><strong>Mode navigation priv\u00e9e<\/strong><\/p>\n<p>Vous pouvez utiliser la navigation priv\u00e9e ou le mode\u00a0Incognito sur la plupart des navigateurs du march\u00e9.<\/p>\n<p>Lorsque vous utilisez le mode navigation priv\u00e9e, vous \u00e9vitez que les sites visit\u00e9s et l&rsquo;historique des t\u00e9l\u00e9chargements ne soient enregistr\u00e9s, que des cookies de suivi ne soient stock\u00e9s, et que les donn\u00e9es de connexion ne soient archiv\u00e9es. Les mots de passe ou les informations saisies dans des formulaires ne sont pas conserv\u00e9s.<\/p>\n<p>Cependant, le fournisseur Internet a connaissance de ces informations. L&rsquo;adresse\u00a0IP de l&rsquo;utilisateur reste visible. Toute connexion en mode navigation priv\u00e9e ne vous prot\u00e8ge pas contre des attaques.<\/p>\n<p>Vous acc\u00e9derez au mode de navigation priv\u00e9e\u00a0: sur Chrome \u00e0 partir du menu de configuration en cliquant sur \u00ab\u00a0Nouvelle fen\u00eatre de navigation priv\u00e9e\u00a0\u00bb\u00a0; sur Edge \u00e0 partir du menu de configuration en cliquant sur \u00ab\u00a0Nouvelle fen\u00eatre InPrivate\u00a0\u00bb\u00a0; sur Firefox \u00e0 partir du menu outil en cliquant sur \u00ab\u00a0Fen\u00eatre Priv\u00e9e\u00a0\u00bb\u00a0; sur IE 11 \u00e0 partir des param\u00e8tres en cliquant sur \u00ab\u00a0S\u00e9curit\u00e9\u00a0\u00bb puis sur \u00ab\u00a0Navigation InPrivate\u00a0\u00bb\u00a0; sur Opera \u00e0 partir du menu \u00ab\u00a0Fichier\u00a0\u00bb en cliquant sur \u00ab\u00a0Nouvelle fen\u00eatre priv\u00e9e\u00a0\u00bb.<\/p>\n<p><strong>Outils<\/strong><\/p>\n<p>Il existe de nombreux outils sur le march\u00e9 pour vous aider \u00e0 g\u00e9rer les cookies. Ils sont con\u00e7us pour emp\u00eacher les cookies de fonctionner ou les bloquer. Ghostery et Do\u00a0Not\u00a0Track sont deux de ces outils.<\/p>\n<p>Vous pouvez bloquer les cookies n\u00e9cessaires aux publicit\u00e9s comportementales (que nous n&rsquo;utilisons pas) gr\u00e2ce \u00e0 la plateforme de contr\u00f4le des cookies disponible \u00e0 l&rsquo;adresse suivante\u00a0: <a href=\"http:\/\/www.youronlinechoices.com\/fr\/controler-ses-cookies\/\">http:\/\/www.youronlinechoices.com\/fr\/controler-ses-cookies\/<\/a>.<\/p>\n<p><strong>Comment configurer les navigateurs ?<\/strong><\/p>\n<p><strong>Google Chrome<\/strong><\/p>\n<p>Cliquez sur l&rsquo;ic\u00f4ne de personnalisation situ\u00e9e en haut \u00e0 droite du navigateur (trois points verticaux). Parmi les diverses sections, cliquez sur \u00ab\u00a0Param\u00e8tres\u00a0\u00bb, puis \u00ab\u00a0Param\u00e8tres avanc\u00e9s\u00a0\u00bb au bas de la page. Dans la sous-section \u00ab\u00a0Confidentialit\u00e9 et s\u00e9curit\u00e9\u00a0\u00bb, cliquez sur \u00ab\u00a0Param\u00e8tres du site\u00a0\u00bb.<\/p>\n<p>S\u00e9lectionnez ensuite tous les cookies et les donn\u00e9es des sites. Par d\u00e9faut, vous pouvez laisser le mode de blocage des cookies pr\u00e9d\u00e9fini dans le navigateur. Il vous suffit d&rsquo;activer la fonction \u00ab\u00a0Bloquer les cookies tiers\u00a0\u00bb.<\/p>\n<p>Vous pouvez \u00e9galement cliquer sur \u00ab\u00a0Afficher l&rsquo;ensemble des cookies et donn\u00e9es de site\u00a0\u00bb pour acc\u00e9der \u00e0 la liste de tous les cookies, class\u00e9s par domaine. Vous pouvez les filtrer gr\u00e2ce au moteur \u00ab\u00a0Rechercher des cookies\u00a0\u00bb. Vous pouvez alors choisir les cookies \u00e0 supprimer.<\/p>\n<p><strong>Microsoft Internet Explorer<\/strong><\/p>\n<p>Ouvrez le navigateur, dans le menu du haut, cliquez sur \u00ab\u00a0Outils\u00a0\u00bb, puis ouvrez l&rsquo;onglet \u00ab\u00a0Options\u00a0\u00bb. Ouvrez l&rsquo;onglet \u00ab\u00a0Confidentialit\u00e9\u00a0\u00bb et v\u00e9rifiez qu&rsquo;il est configur\u00e9e avec un niveau de s\u00e9curit\u00e9 moyen ou bas. Si la configuration d&rsquo;Internet est haute, les cookies seront bloqu\u00e9s.<\/p>\n<p><strong>Mozilla Firefox<\/strong><\/p>\n<p>Ouvrez le navigateur, dans le menu du haut, cliquez sur \u00ab\u00a0Outils\u00a0\u00bb. Pour les versions les plus r\u00e9centes, le bouton est situ\u00e9 en haut, \u00e0 droite, et il est repr\u00e9sent\u00e9 par trois lignes. Cliquez ensuite sur \u00ab\u00a0Options\u00a0\u00bb. Cliquez sur l&rsquo;ic\u00f4ne \u00ab\u00a0Vie priv\u00e9e et s\u00e9curit\u00e9\u00a0\u00bb. Cliquez sur \u00ab\u00a0Cookies et donn\u00e9es de sites\u00a0\u00bb. S\u00e9lectionnez les options selon vos pr\u00e9f\u00e9rences\u00a0: \u00ab\u00a0Effacer les donn\u00e9es&#8230;\u00a0\u00bb, \u00ab\u00a0G\u00e9rer les donn\u00e9es&#8230;\u00a0\u00bb ou \u00ab\u00a0Exceptions&#8230;\u00a0\u00bb. Vous pouvez accepter les cookies, les conserver jusqu&rsquo;au moment d\u00e9sir\u00e9 ou les bloquer.<\/p>\n<p><strong>Safari<\/strong><\/p>\n<p>Ouvrez le navigateur, dans le menu du haut, cliquez sur \u00ab\u00a0Safari\u00a0\u00bb, puis sur \u00ab\u00a0Pr\u00e9f\u00e9rences\u00a0\u00bb. Ouvrez l&rsquo;onglet \u00ab\u00a0Confidentialit\u00e9\u00a0\u00bb et v\u00e9rifiez si les cookies et donn\u00e9es de sites web sont bloqu\u00e9s ou autoris\u00e9s et pour quels sites. Relancez Safari pour que les modifications soient prises en compte.<\/p>\n<p><strong>Comment g\u00e9rer les cookies sur Macintosh ?<\/strong><\/p>\n<p>Si votre ordinateur est un Macintosh et que vous d\u00e9sirez g\u00e9rer les cookies, veuillez suivre les instructions ci-dessous.<\/p>\n<p><strong>Microsoft Internet Explorer OSX<\/strong><\/p>\n<p>Ouvrez le navigateur et cliquez sur \u00ab\u00a0Pr\u00e9f\u00e9rences\u00a0\u00bb dans la barre de navigation. Faites d\u00e9filer le texte vers le bas jusqu&rsquo;\u00e0 \u00ab\u00a0Cookies\u00a0\u00bb, au-dessous de \u00ab\u00a0Fichiers re\u00e7us\u00a0\u00bb. Cochez \u00ab\u00a0Ne pas reposer la question\u00a0\u00bb.<\/p>\n<p><strong>Safari pour\u00a0OSX<\/strong><\/p>\n<p>Ouvrez Safari et cliquez sur \u00ab\u00a0Pr\u00e9f\u00e9rences\u00a0\u00bb dans la barre de navigation. Ouvrez l&rsquo;onglet \u00ab\u00a0Confidentialit\u00e9\u00a0\u00bb et cochez l&rsquo;option \u00ab\u00a0Accepter les cookies\u00a0\u00bb. S\u00e9lectionnez l&rsquo;option \u00ab\u00a0Autoriser \u00e0 partir du site web actif uniquement\u00a0\u00bb.<\/p>\n<p><strong>Mozilla et\u00a0Netscape pour\u00a0OSX<\/strong><\/p>\n<p>Cliquez sur \u00ab\u00a0Firefox\u00a0\u00bb ou \u00ab\u00a0Netscape\u00a0\u00bb dans la partie sup\u00e9rieure de la fen\u00eatre de votre navigateur, puis s\u00e9lectionnez l&rsquo;option \u00ab\u00a0Pr\u00e9f\u00e9rences\u00a0\u00bb. Faites d\u00e9filer les choix jusqu&rsquo;\u00e0 la section \u00ab\u00a0Cookies\u00a0\u00bb sous \u00ab\u00a0Confidentialit\u00e9 et s\u00e9curit\u00e9\u00a0\u00bb. S\u00e9lectionnez \u00ab\u00a0Activer les cookies pour le site web d&rsquo;origine uniquement\u00a0\u00bb.<\/p>\n<p><strong>Opera<\/strong><\/p>\n<p>Ouvrez Opera et cliquez sur \u00ab\u00a0Menu\u00a0\u00bb, puis sur \u00ab\u00a0R\u00e9glages\u00a0\u00bb dans la barre de navigation. Cliquez sur \u00ab\u00a0Pr\u00e9f\u00e9rences\u00a0\u00bb et ouvrez l&rsquo;onglet \u00ab\u00a0Avanc\u00e9es\u00a0\u00bb. Cochez l&rsquo;option \u00ab\u00a0Accepter les cookies\u00a0\u00bb.<\/p>\n<p><strong>Comment g\u00e9rer les cookies sur d&rsquo;autres appareils ?<\/strong><\/p>\n<p><u><em>Appareils Android<\/em><\/u><\/p>\n<p>Ouvrez le navigateur Internet et appuyez sur le bouton \u00ab\u00a0Menu\u00a0\u00bb, puis \u00ab\u00a0Param\u00e8tres\u00a0\u00bb. Appuyez sur \u00ab\u00a0Confidentialit\u00e9 et s\u00e9curit\u00e9\u00a0\u00bb puis activez ou d\u00e9sactivez les cookies dans les donn\u00e9es de navigation.<\/p>\n<p><u><em>Appareils Apple<\/em><\/u><\/p>\n<p>Pour d\u00e9finir les r\u00e9glages li\u00e9s au blocage des cookies sur Safari, touchez R\u00e9glages &gt; Safari &gt; Bloquer tous les cookies.<\/p>\n<p>Pour effacer votre historique et vos cookies, touchez R\u00e9glages &gt; Safari &gt; Effacer historique, donn\u00e9es de site.<\/p>\n<p>Pour effacer vos cookies, mais conserver votre historique, touchez R\u00e9glages &gt; Safari &gt; Avanc\u00e9 &gt; Donn\u00e9es de sites &gt; Supprimer les donn\u00e9es de sites.<\/p>\n<p>Si vous souhaitez consulter des sites sans qu&rsquo;ils apparaissent dans l&rsquo;historique, activez la navigation priv\u00e9e.<\/p>\n<p>Pour en savoir plus\u00a0: <a href=\"https:\/\/support.apple.com\/fr-fr\/HT201265\">https:\/\/support.apple.com\/fr-fr\/HT201265<\/a>.<\/p>\n<p><strong>Les d\u00e9veloppeurs vous informent<\/strong><\/p>\n<p><em><strong>Chrome: <\/strong>Comment g\u00e9rer les cookies et les donn\u00e9es de site : <a href=\"http:\/\/support.google.com\/chrome\/bin\/answer.py?hl=fr&amp;answer=95647\">http:\/\/support.google.com\/chrome\/bin\/answer.py?hl=fr&amp;answer=95647<\/a><\/em><\/p>\n<p><em><strong>Firefox: <\/strong>Param\u00e8tres pour la vie priv\u00e9e, l&rsquo;historique et \u00ab ne pas me pister \u00bb : <a href=\"https:\/\/support.mozilla.org\/fr\/kb\/parametres-vie-privee-historique-pas-pister\">https:\/\/support.mozilla.org\/fr\/kb\/parametres-vie-privee-historique-pas-p&#8230;<\/a><\/em><\/p>\n<p><em><strong>Internet Explorer: <\/strong>Comment g\u00e9rer les cookies sur Internet Explorer 10 : <a href=\"https:\/\/support.microsoft.com\/fr-fr\/help\/17442\/windows-internet-explorer-delete-manage-cookies\">https:\/\/support.microsoft.com\/fr-fr\/help\/17442\/windows-internet-explorer&#8230;<\/a>. Comment g\u00e9rer les cookies sur Internet Explorer 11 : <a href=\"https:\/\/support.microsoft.com\/fr-fr\/help\/17442\/windows-internet-explorer-delete-manage-cookies\">https:\/\/support.microsoft.com\/fr-fr\/help\/17442\/windows-internet-explorer&#8230;<\/a>.<\/em><\/p>\n<p><em><strong>Opera: <\/strong>Cookies : <a href=\"https:\/\/help.opera.com\/en\/latest\/web-preferences\/#cookies\">https:\/\/help.opera.com\/en\/latest\/web-preferences\/#cookies<\/a><\/em><\/p>\n<p><em><strong>Safari: <\/strong><a href=\"http:\/\/support.apple.com\/kb\/PH5042\">http:\/\/support.apple.com\/kb\/PH5042<\/a><\/em><\/p>\n<p><strong>Pour finir, connaissez-vous les technologies de suivi ?<\/strong><\/p>\n<p>Les sites Internet, au m\u00eame titre que les courriels\u00a0HTML, peuvent contenir d&rsquo;autres technologies de pistage, comme les pixels espions. Les \u00ab\u00a0pixels espions\u00a0\u00bb sont sont de tr\u00e8s petites images num\u00e9riques transparentes qui permettent de collecter des informations statistiques et leur finalit\u00e9 est similaire \u00e0 celle des cookies. Ils vont g\u00e9n\u00e9ralement de pair avec les cookies, bien qu&rsquo;ils ne soient pas stock\u00e9s directement sur le dispositif de navigation. Si vous d\u00e9sactivez les cookies, les pixels espions s&rsquo;ex\u00e9cutent toujours, mais de mani\u00e8re limit\u00e9e.<\/p>\n<p>Lorsque nous utilisons des pixels espions, nous vous en informons clairement \u00e0 l&rsquo;aide d&rsquo;une banni\u00e8re semblable \u00e0 celle des cookies.<\/p>\n<p><strong>Pour en savoir plus, veuillez nous contacter \u00e0 l&rsquo;adresse suivante : <a href=\"mailto:sac@portdebarcelona.cat\">sac@portdebarcelona.cat<\/a>.<\/strong><\/p>\n","protected":false},"excerpt":{"rendered":"<p>Notre site Internet utilise nos propres cookies et ceux de tiers. Les cookies sont utilis\u00e9s pour analyser le site Internet&#8230;<\/p>\n","protected":false},"author":1,"featured_media":0,"parent":0,"menu_order":0,"comment_status":"closed","ping_status":"closed","template":"","meta":{"_acf_changed":false,"footnotes":""},"class_list":["post-868","page","type-page","status-publish","hentry"],"acf":[],"_links":{"self":[{"href":"https:\/\/appcta.portdebarcelona.cat\/fr\/wp-json\/wp\/v2\/pages\/868","targetHints":{"allow":["GET"]}}],"collection":[{"href":"https:\/\/appcta.portdebarcelona.cat\/fr\/wp-json\/wp\/v2\/pages"}],"about":[{"href":"https:\/\/appcta.portdebarcelona.cat\/fr\/wp-json\/wp\/v2\/types\/page"}],"author":[{"embeddable":true,"href":"https:\/\/appcta.portdebarcelona.cat\/fr\/wp-json\/wp\/v2\/users\/1"}],"replies":[{"embeddable":true,"href":"https:\/\/appcta.portdebarcelona.cat\/fr\/wp-json\/wp\/v2\/comments?post=868"}],"version-history":[{"count":1,"href":"https:\/\/appcta.portdebarcelona.cat\/fr\/wp-json\/wp\/v2\/pages\/868\/revisions"}],"predecessor-version":[{"id":869,"href":"https:\/\/appcta.portdebarcelona.cat\/fr\/wp-json\/wp\/v2\/pages\/868\/revisions\/869"}],"wp:attachment":[{"href":"https:\/\/appcta.portdebarcelona.cat\/fr\/wp-json\/wp\/v2\/media?parent=868"}],"curies":[{"name":"wp","href":"https:\/\/api.w.org\/{rel}","templated":true}]}}